{"id":4689,"date":"2022-11-21T12:44:13","date_gmt":"2022-11-22T11:49:44","guid":{"rendered":"https:\/\/www.artmarketcoach.com\/?post_type=product&#038;p=4689"},"modified":"2024-04-05T18:33:10","modified_gmt":"2024-04-05T16:33:10","slug":"die-schopfer-des-kunstmarkts","status":"publish","type":"product","link":"https:\/\/www.artmarketcoach.com\/de\/produkt\/die-schopfer-des-kunstmarkts\/","title":{"rendered":"Die Sch\u00f6pfer des Kunstmarkts"},"content":{"rendered":"<p>Die neue Publikation bietet eine Zeitreise von den Anf\u00e4ngen in der Antike bis zur Digitalisierung unserer Zeit. Sie ist soeben beim transcript Verlag, Bielefeld, erschienen.<\/p>\n","protected":false},"excerpt":{"rendered":"<p>Der Kunstmarkt sorgt mit immer neuen Preisrekorden f\u00fcr Furore. Welche Strategien sich hinter dem Verkaufen und Sammeln von Kunstwerken verbergen, bleibt dabei h\u00e4ufig intransparent. Harriet H\u00e4u\u00dfler gibt erstmals einen profunden Einblick in die wechselhafte Geschichte des Kunstmarktes von der Antike bis zur Gegenwart, die sich \u00fcber das Goldene Zeitalter in den Niederlanden, die Industrialisierung in England und die Umw\u00e4lzungen im 20. Jahrhundert bis zum digitalen Markt des 21. Jahrhunderts spannt. Diese aufschlussreiche Zeitreise durch 2000 Jahre Kunstmarktgeschichte zeigt, dass der Kunstkanon, wie wir ihn heute kennen, durch ein komplexes Netzwerk von Sammlern, Kunsth\u00e4ndlern, Galeristen, Auktionatoren und K\u00fcnstlern entstanden ist.<\/p>\n","protected":false},"featured_media":4684,"template":"","meta":{"inline_featured_image":false,"_uag_custom_page_level_css":"","site-sidebar-layout":"default","site-content-layout":"default","ast-site-content-layout":"default","site-content-style":"default","site-sidebar-style":"default","ast-global-header-display":"","ast-banner-title-visibility":"","ast-main-header-display":"","ast-hfb-above-header-display":"","ast-hfb-below-header-display":"","ast-hfb-mobile-header-display":"","site-post-title":"","ast-breadcrumbs-content":"","ast-featured-img":"","footer-sml-layout":"","ast-disable-related-posts":"","theme-transparent-header-meta":"default","adv-header-id-meta":"","stick-header-meta":"default","header-above-stick-meta":"","header-main-stick-meta":"","header-below-stick-meta":"","astra-migrate-meta-layouts":"default","ast-page-background-enabled":"default","ast-page-background-meta":{"desktop":{"background-color":"","background-image":"","background-repeat":"repeat","background-position":"center center","background-size":"auto","background-attachment":"scroll","background-type":"","background-media":"","overlay-type":"","overlay-color":"","overlay-opacity":"","overlay-gradient":""},"tablet":{"background-color":"","background-image":"","background-repeat":"repeat","background-position":"center center","background-size":"auto","background-attachment":"scroll","background-type":"","background-media":"","overlay-type":"","overlay-color":"","overlay-opacity":"","overlay-gradient":""},"mobile":{"background-color":"","background-image":"","background-repeat":"repeat","background-position":"center center","background-size":"auto","background-attachment":"scroll","background-type":"","background-media":"","overlay-type":"","overlay-color":"","overlay-opacity":"","overlay-gradient":""}},"ast-content-background-meta":{"desktop":{"background-color":"var(--ast-global-color-5)","background-image":"","background-repeat":"repeat","background-position":"center center","background-size":"auto","background-attachment":"scroll","background-type":"","background-media":"","overlay-type":"","overlay-color":"","overlay-opacity":"","overlay-gradient":""},"tablet":{"background-color":"var(--ast-global-color-5)","background-image":"","background-repeat":"repeat","background-position":"center center","background-size":"auto","background-attachment":"scroll","background-type":"","background-media":"","overlay-type":"","overlay-color":"","overlay-opacity":"","overlay-gradient":""},"mobile":{"background-color":"var(--ast-global-color-5)","background-image":"","background-repeat":"repeat","background-position":"center center","background-size":"auto","background-attachment":"scroll","background-type":"","background-media":"","overlay-type":"","overlay-color":"","overlay-opacity":"","overlay-gradient":""}}},"product_brand":[],"product_cat":[60],"product_tag":[],"class_list":{"0":"post-4689","1":"product","2":"type-product","3":"status-publish","4":"has-post-thumbnail","6":"product_cat-publikationen","7":"desktop-align-center","8":"tablet-align-center","9":"mobile-align-center","10":"ast-product-gallery-layout-first-image-large","11":"ast-magnify-disabled","12":"ast-product-tabs-layout-horizontal","14":"first","15":"instock","16":"shipping-taxable","17":"purchasable","18":"product-type-simple"},"uagb_featured_image_src":{"full":["https:\/\/www.artmarketcoach.com\/wp-content\/uploads\/Cover-scaled.jpg",1662,2560,false],"thumbnail":["https:\/\/www.artmarketcoach.com\/wp-content\/uploads\/Cover-150x150.jpg",150,150,true],"medium":["https:\/\/www.artmarketcoach.com\/wp-content\/uploads\/Cover-195x300.jpg",195,300,true],"medium_large":["https:\/\/www.artmarketcoach.com\/wp-content\/uploads\/Cover-768x1183.jpg",768,1183,true],"large":["https:\/\/www.artmarketcoach.com\/wp-content\/uploads\/Cover-665x1024.jpg",665,1024,true],"1536x1536":["https:\/\/www.artmarketcoach.com\/wp-content\/uploads\/Cover-997x1536.jpg",997,1536,true],"2048x2048":["https:\/\/www.artmarketcoach.com\/wp-content\/uploads\/Cover-1330x2048.jpg",1330,2048,true],"mailpoet_newsletter_max":["https:\/\/www.artmarketcoach.com\/wp-content\/uploads\/Cover-1320x2033.jpg",1320,2033,true],"woocommerce_thumbnail":["https:\/\/www.artmarketcoach.com\/wp-content\/uploads\/Cover-400x616.jpg",400,616,true],"woocommerce_single":["https:\/\/www.artmarketcoach.com\/wp-content\/uploads\/Cover-600x924.jpg",600,924,true],"woocommerce_gallery_thumbnail":["https:\/\/www.artmarketcoach.com\/wp-content\/uploads\/Cover-100x100.jpg",100,100,true]},"uagb_author_info":{"display_name":"Harriet H\u00e4u\u00dfler","author_link":"https:\/\/www.artmarketcoach.com\/de\/author\/"},"uagb_comment_info":0,"uagb_excerpt":"Der Kunstmarkt sorgt mit immer neuen Preisrekorden f\u00fcr Furore. Welche Strategien sich hinter dem Verkaufen und Sammeln von Kunstwerken verbergen, bleibt dabei h\u00e4ufig intransparent. Harriet H\u00e4u\u00dfler gibt erstmals einen profunden Einblick in die wechselhafte Geschichte des Kunstmarktes von der Antike bis zur Gegenwart, die sich \u00fcber das Goldene Zeitalter in den Niederlanden, die Industrialisierung in&hellip;","_links":{"self":[{"href":"https:\/\/www.artmarketcoach.com\/de\/wp-json\/wp\/v2\/product\/4689","targetHints":{"allow":["GET"]}}],"collection":[{"href":"https:\/\/www.artmarketcoach.com\/de\/wp-json\/wp\/v2\/product"}],"about":[{"href":"https:\/\/www.artmarketcoach.com\/de\/wp-json\/wp\/v2\/types\/product"}],"wp:featuredmedia":[{"embeddable":true,"href":"https:\/\/www.artmarketcoach.com\/de\/wp-json\/wp\/v2\/media\/4684"}],"wp:attachment":[{"href":"https:\/\/www.artmarketcoach.com\/de\/wp-json\/wp\/v2\/media?parent=4689"}],"wp:term":[{"taxonomy":"product_brand","embeddable":true,"href":"https:\/\/www.artmarketcoach.com\/de\/wp-json\/wp\/v2\/product_brand?post=4689"},{"taxonomy":"product_cat","embeddable":true,"href":"https:\/\/www.artmarketcoach.com\/de\/wp-json\/wp\/v2\/product_cat?post=4689"},{"taxonomy":"product_tag","embeddable":true,"href":"https:\/\/www.artmarketcoach.com\/de\/wp-json\/wp\/v2\/product_tag?post=4689"}],"curies":[{"name":"wp","href":"https:\/\/api.w.org\/{rel}","templated":true}]}}