{"id":6185,"date":"2023-03-13T12:33:52","date_gmt":"2023-03-13T11:33:52","guid":{"rendered":"https:\/\/www.artmarketcoach.com\/ueber-mich\/"},"modified":"2025-06-16T12:31:37","modified_gmt":"2025-06-16T10:31:37","slug":"lebenslauf","status":"publish","type":"page","link":"https:\/\/www.artmarketcoach.com\/de\/lebenslauf\/","title":{"rendered":"\u00dcber mich"},"content":{"rendered":"\n<div class=\"wp-block-uagb-container uagb-block-8872dce5 alignfull uagb-is-root-container\"><div class=\"uagb-container-inner-blocks-wrap\">\n<div class=\"wp-block-uagb-container uagb-block-5123159b default uagb-is-root-container\">\n<p> <strong>2003<\/strong><br>Promotion in Kunstgeschichte \u00fcber Anselm Kiefer an der Ruhr-Universit\u00e4t Bochum<\/p>\n\n\n\n<p><strong>2004<\/strong><br>Direktorin und Gr\u00fcnderin der Grisebach Gallery, Berlin <\/p>\n\n\n\n<p><strong>2005-2012<\/strong><br>Direktorin und Co-Gr\u00fcnderin von \u201cupstairs Berlin\u201d, einer Programmgalerie mit einem Fokus auf britische und deutsche K\u00fcnstler <\/p>\n\n\n\n<p><strong>Seit 2010<\/strong><br>Dozentin und Lehrbeauftragte f\u00fcr den Kunstmarkt an der Freien Universit\u00e4t Berlin, der Universit\u00e4t Hamburg, der Bahcesehir University \u2013 Berlin Campus, der Hochschule f\u00fcr Technik und Wirtschaft, Berlin<\/p>\n\n\n\n<p><strong>Seit 2012<\/strong> Autorin, Coach, Beraterin, Kuratorin und Dozentin mit Lebens- und Arbeitsmittelpunkt in Berlin<\/p>\n\n\n\n<p><strong>2023<\/strong> Systemischer Business Coach, DVCT-zertifiziert<\/p>\n<\/div>\n\n\n\n<div class=\"wp-block-uagb-container uagb-block-9f3665db default uagb-is-root-container\">\n<div class=\"wp-block-uagb-image uagb-block-ad70b41d wp-block-uagb-image--layout-default wp-block-uagb-image--effect-static wp-block-uagb-image--align-none\"><figure class=\"wp-block-uagb-image__figure\"><img decoding=\"async\" srcset=\"https:\/\/www.artmarketcoach.com\/wp-content\/uploads\/Foto_About_Me_Seite-edited-scaled.jpg \" sizes=\"auto, (max-width: 480px) 150px\" src=\"https:\/\/www.artmarketcoach.com\/wp-content\/uploads\/Foto_About_Me_Seite-edited-scaled.jpg\" alt=\"\" class=\"uag-image-6324\" width=\"1921\" height=\"2560\" title=\"\" loading=\"lazy\" role=\"img\"\/><\/figure><\/div>\n<\/div>\n<\/div><\/div>\n\n\n\n<div class=\"wp-block-uagb-container uagb-block-074af136 alignfull uagb-is-root-container\"><div class=\"uagb-container-inner-blocks-wrap\">\n<div style=\"height:78px\" aria-hidden=\"true\" class=\"wp-block-spacer\"><\/div>\n\n\n\n<div class=\"wp-block-uagb-advanced-heading uagb-block-186270f2\" id=\"publications\"><h2 class=\"uagb-heading-text\">Publikationen<\/h2><\/div>\n\n\n\n<div style=\"height:78px\" aria-hidden=\"true\" class=\"wp-block-spacer\"><\/div>\n\n\n\n<div class=\"wp-block-uagb-container uagb-block-1d9f4925\">\n<div class=\"wp-block-uagb-advanced-heading uagb-block-90fd7750\"><h3 class=\"uagb-heading-text\">Monografien<\/h3><\/div>\n\n\n\n<p><em>Die Sch\u00f6pfer des Kunstmarkts. Von den Anf\u00e4ngen in der Antike bis zur Digitalisierung in der Gegenwart<\/em>, Bielefeld 2023 <\/p>\n\n\n\n<p><em>Aus K\u00fcnstlersicht<\/em>, 13 Fragen &#8211; 51 Interviews (mit Aeneas Bastian), Bielefeld\/Berlin 2009<\/p>\n\n\n\n<p><em>Anselm Kiefer: Die Himmelspal\u00e4ste. Der K\u00fcnstler als Suchender zwischen Mythos und Mystik<\/em>, Berlin 2004 (2. Auflage 2011\/3. Auflage 2024)<\/p>\n\n\n\n<p><em> <\/em><\/p>\n<\/div>\n\n\n\n<div class=\"wp-block-uagb-container uagb-block-388fbd10\">\n<div class=\"wp-block-uagb-advanced-heading uagb-block-296ccedb\"><h3 class=\"uagb-heading-text\">Artikel<\/h3><\/div>\n\n\n\n<p><em>&#8222;Palette mit Fl\u00fcgeln, 1978&#8220;<\/em><br> in: Anselm Kiefer: Early Works, Oxford 2025, S. 162ff<\/p>\n\n\n\n<p><em>&#8222;Yggdrasil, 1978&#8220;<\/em><br> in: Anselm Kiefer: Early Works, Oxford 2025, S. 168ff<\/p>\n\n\n\n<p><em>Interview<\/em><br>in: 1744, Sotheby&#8217;s Magazin, Bd. 1, 2024, S. 26f<\/p>\n\n\n\n<p> <em>Interview<\/em>: Wie ein Kunstwerk ber\u00fchmt wird<br> in: dpa\/mehreren Tageszeitungen, 10.04.2024<\/p>\n\n\n\n<p><em>Daniela Butsche: &#8222;Damen von Elche&#8220; und die iberische Hochkultur<\/em><br> in: Daniela Butsche, Berlin\/Madrid 2023, n.p.<\/p>\n\n\n\n<p><em>Zhang Huan<\/em><br>in: Allgemeines K\u00fcnstlerlexikon (AKL), Bd. 119, M\u00fcnchen 2023<\/p>\n\n\n\n<p><em>Wir haben Pete Dohertys Ausstellung von einer Kunsthistorikerin bewerten lassen<\/em>. Interview mit Alexandra Theis in: Vice, 10.11.2022, n.p.<\/p>\n\n\n\n<p><em>Tom Wesselmann<\/em><br>in: Allgemeines K\u00fcnstlerlexikon (AKL), Bd. 116, M\u00fcnchen 2022<\/p>\n\n\n\n<p><em>Close Strangeness<br><\/em>in: Franziska Rutishauser, Speyer 2021, S. 12f<\/p>\n\n\n\n<p><em>Heinz Berggruen<br><\/em>in: Art Market Dictionary, Berlin\/M\u00fcnchen 2019<\/p>\n\n\n\n<p><em>Mayfair \u2013 wiederentdeckt<br><\/em>in: Magazin \u201cBastian\u201d, Bd. 2, Berlin 2019, S. 38-45 <\/p>\n\n\n\n<p><em>Max Liebermann: Sein Selbstbildnis in den sp\u00e4ten Jahren<br><\/em>in: Max Liebermann, Berlin 2018, n.p.<\/p>\n\n\n\n<p><em>F\u00fcrst P\u00fccklers Alterssitz neu entdeckt: Schloss Branitz in Cottbus<br><\/em>in: Magazin \u201cBastian\u201d, Bd. 1, Berlin 2018, S. 32-41 <\/p>\n\n\n\n<p><em>Die Gr\u00fcndung der K\u00f6lner Kunstmesse und ihre Auswirkungen<br><\/em>in: \u201cart value \u2013 Positionen zum Wert der Kunst\u201d, Nr. 21, 12. Jahrgang, Berlin 2018, S. 22-26 <\/p>\n\n\n\n<p><em>Ed Ruscha<br><\/em>in: Allgemeines K\u00fcnstlerlexikon (AKL), Bd. 100, M\u00fcnchen 2018 <\/p>\n\n\n\n<p><em>Interview: Kunst-Ph\u00e4nomen Banksy: Kennt keiner, kostet Millionen<br><\/em>in: Bild, 16.06.2017<\/p>\n\n\n\n<p><em>Elizabeth Peyton<br><\/em>in: Allgemeines K\u00fcnstlerlexikon (AKL), Bd. 95, M\u00fcnchen 2017<\/p>\n\n\n\n<p><em>Raymond Pettibon<br><\/em>in: Allgemeines K\u00fcnstlerlexikon (AKL), Bd. 95, M\u00fcnchen 2017<\/p>\n\n\n\n<p><em>Paul Pfeiffer<br><\/em>in: Allgemeines K\u00fcnstlerlexikon (AKL), Bd. 95, M\u00fcnchen 2017 <\/p>\n\n\n\n<p><em>Julian Opie<br><\/em>in: Allgemeines K\u00fcnstlerlexikon (AKL), Bd. 93, M\u00fcnchen 2017<\/p>\n\n\n\n<p><em>Tam Ochiai<br><\/em>in: Allgemeines K\u00fcnstlerlexikon (AKL), Bd. 93, M\u00fcnchen 2017<\/p>\n\n\n\n<p><em>Barnett Newman<br><\/em>in: Allgemeines K\u00fcnstlerlexikon (AKL), Bd. 92, M\u00fcnchen 2017<\/p>\n\n\n\n<p><em>Wertsteigerungen und Wertminderungen in der Lichtkunst<br><\/em>in: &#8222;art value \u2013 Positionen zum Wert der Kunst\u201d, Nr. 16, 9. Jahrgang, Berlin 2015, S. 66-69<\/p>\n\n\n\n<p><em>Markus L\u00fcpertz<br><\/em>in: Allgemeines K\u00fcnstlerlexikon (AKL), Bd. 85, M\u00fcnchen 2015<\/p>\n\n\n\n<p><em>Richard Long<br><\/em>in: Allgemeines K\u00fcnstlerlexikon (AKL), Bd. 85, M\u00fcnchen 2015<\/p>\n\n\n\n<p><em>Roy Lichtenstein<br><\/em>in: Allgemeines K\u00fcnstlerlexikon (AKL), Bd. 84, M\u00fcnchen 2015<\/p>\n\n\n\n<p><em>Interview: &#8222;Mauerkunst &#8211; zum 25. Jahrestag des Mauerfalls&#8220;<br><\/em>in: mehreren Tageszeitungen, 09.11.2014<\/p>\n\n\n\n<p><em>Jean Dubuffet: Der Geist tanzt<br><\/em>in: Jean Dubuffet \u2013 Jean Fautrier, Bilder aus einer Berliner Sammlung, Galerie Bastian, Berlin 2014, S. 4-7<\/p>\n\n\n\n<p><em>Der Kunstmarkt \u2013 noch nie so geordnet wie heute<br><\/em>in: \u201cart value \u2013 Positionen zum Wert der Kunst\u201d, Nr. 13, 8. Jahrgang, Berlin 2014, S. 42-45 <\/p>\n\n\n\n<p><em>Biografie und Bibliografie<br><\/em>in: \u201cAndy Warhol. Death and Desaster\u201d, Kunstsammlungen Chemnitz, Bielefeld 2014, S. 130-132<\/p>\n\n\n\n<p><em>K\u00f6rperlichkeit und Selbstreflexion: aktuelle Tendenzen in der figurativen Skulptur heute<br><\/em>in: \u201cRealismus \u2013 45 Jahre Deutsche Bildhauerei\u201d, herausgegeben von Karina T\u00fcrr, Petersberg 2014, S. 24-31<\/p>\n\n\n\n<p><em>Veronika Veit: Wer sind wir? Identit\u00e4tsbestimmung in der figurativen Skulptur zwischen surrealen und digitalen Welten <br><\/em>in: \u201cRealismus \u2013 45 Jahre Deutsche Bildhauerei\u201d, herausgegeben von Karina T\u00fcrr, Petersberg 2014, S. 146-153<\/p>\n\n\n\n<p><em>Anselm Kiefer<br><\/em>in: Allgemeines K\u00fcnstlerlexikon (AKL), Bd. 80, M\u00fcnchen 2014<\/p>\n\n\n\n<p><em>Robert Rauschenberg: ROCI and its consequences for today\u2019s intercultural exchange<br><\/em>Ver\u00f6ffentlichung anl\u00e4sslich der ICD Annual Conference on Cultural Diplomacy 2012 \u201eThe Power of Arts &amp; Culture to Promote Democracy &amp; Global Peace\u201d, ICD, Berlin 2013<\/p>\n\n\n\n<p><em>Das Auto als Freiheitssymbol und Todesgef\u00e4hrt in der Kunst des 20. Jahrhunderts <br><\/em>in: \u201cart value \u2013 Positionen zum Wert der Kunst\u201d, Nr. 12, 7. Jahrgang, Berlin 2013, S. 28-30 <\/p>\n<\/div>\n<\/div><\/div>\n","protected":false},"excerpt":{"rendered":"<p>2003Promotion in Kunstgeschichte \u00fcber Anselm Kiefer an der Ruhr-Universit\u00e4t Bochum 2004Direktorin und Gr\u00fcnderin der Grisebach Gallery, Berlin 2005-2012Direktorin und Co-Gr\u00fcnderin von \u201cupstairs Berlin\u201d, einer Programmgalerie mit einem Fokus auf britische und deutsche K\u00fcnstler Seit 2010Dozentin und Lehrbeauftragte f\u00fcr den Kunstmarkt an der Freien Universit\u00e4t Berlin, der Universit\u00e4t Hamburg, der Bahcesehir University \u2013 Berlin Campus, der [&hellip;]<\/p>\n","protected":false},"author":437,"featured_media":0,"parent":0,"menu_order":2,"comment_status":"closed","ping_status":"closed","template":"","meta":{"inline_featured_image":false,"_uag_custom_page_level_css":"","site-sidebar-layout":"default","site-content-layout":"","ast-site-content-layout":"default","site-content-style":"default","site-sidebar-style":"default","ast-global-header-display":"","ast-banner-title-visibility":"","ast-main-header-display":"","ast-hfb-above-header-display":"","ast-hfb-below-header-display":"","ast-hfb-mobile-header-display":"","site-post-title":"","ast-breadcrumbs-content":"","ast-featured-img":"","footer-sml-layout":"","ast-disable-related-posts":"","theme-transparent-header-meta":"","adv-header-id-meta":"","stick-header-meta":"","header-above-stick-meta":"","header-main-stick-meta":"","header-below-stick-meta":"","astra-migrate-meta-layouts":"set","ast-page-background-enabled":"default","ast-page-background-meta":{"desktop":{"background-color":"","background-image":"","background-repeat":"repeat","background-position":"center center","background-size":"auto","background-attachment":"scroll","background-type":"","background-media":"","overlay-type":"","overlay-color":"","overlay-opacity":"","overlay-gradient":""},"tablet":{"background-color":"","background-image":"","background-repeat":"repeat","background-position":"center center","background-size":"auto","background-attachment":"scroll","background-type":"","background-media":"","overlay-type":"","overlay-color":"","overlay-opacity":"","overlay-gradient":""},"mobile":{"background-color":"","background-image":"","background-repeat":"repeat","background-position":"center center","background-size":"auto","background-attachment":"scroll","background-type":"","background-media":"","overlay-type":"","overlay-color":"","overlay-opacity":"","overlay-gradient":""}},"ast-content-background-meta":{"desktop":{"background-color":"var(--ast-global-color-5)","background-image":"","background-repeat":"repeat","background-position":"center center","background-size":"auto","background-attachment":"scroll","background-type":"","background-media":"","overlay-type":"","overlay-color":"","overlay-opacity":"","overlay-gradient":""},"tablet":{"background-color":"var(--ast-global-color-5)","background-image":"","background-repeat":"repeat","background-position":"center center","background-size":"auto","background-attachment":"scroll","background-type":"","background-media":"","overlay-type":"","overlay-color":"","overlay-opacity":"","overlay-gradient":""},"mobile":{"background-color":"var(--ast-global-color-5)","background-image":"","background-repeat":"repeat","background-position":"center center","background-size":"auto","background-attachment":"scroll","background-type":"","background-media":"","overlay-type":"","overlay-color":"","overlay-opacity":"","overlay-gradient":""}},"footnotes":""},"class_list":["post-6185","page","type-page","status-publish","hentry"],"uagb_featured_image_src":{"full":false,"thumbnail":false,"medium":false,"medium_large":false,"large":false,"1536x1536":false,"2048x2048":false,"mailpoet_newsletter_max":false,"woocommerce_thumbnail":false,"woocommerce_single":false,"woocommerce_gallery_thumbnail":false},"uagb_author_info":{"display_name":"CS","author_link":"https:\/\/www.artmarketcoach.com\/de\/author\/cstrecker\/"},"uagb_comment_info":0,"uagb_excerpt":"2003Promotion in Kunstgeschichte \u00fcber Anselm Kiefer an der Ruhr-Universit\u00e4t Bochum 2004Direktorin und Gr\u00fcnderin der Grisebach Gallery, Berlin 2005-2012Direktorin und Co-Gr\u00fcnderin von \u201cupstairs Berlin\u201d, einer Programmgalerie mit einem Fokus auf britische und deutsche K\u00fcnstler Seit 2010Dozentin und Lehrbeauftragte f\u00fcr den Kunstmarkt an der Freien Universit\u00e4t Berlin, der Universit\u00e4t Hamburg, der Bahcesehir University \u2013 Berlin Campus, der&hellip;","_links":{"self":[{"href":"https:\/\/www.artmarketcoach.com\/de\/wp-json\/wp\/v2\/pages\/6185","targetHints":{"allow":["GET"]}}],"collection":[{"href":"https:\/\/www.artmarketcoach.com\/de\/wp-json\/wp\/v2\/pages"}],"about":[{"href":"https:\/\/www.artmarketcoach.com\/de\/wp-json\/wp\/v2\/types\/page"}],"author":[{"embeddable":true,"href":"https:\/\/www.artmarketcoach.com\/de\/wp-json\/wp\/v2\/users\/437"}],"replies":[{"embeddable":true,"href":"https:\/\/www.artmarketcoach.com\/de\/wp-json\/wp\/v2\/comments?post=6185"}],"version-history":[{"count":0,"href":"https:\/\/www.artmarketcoach.com\/de\/wp-json\/wp\/v2\/pages\/6185\/revisions"}],"wp:attachment":[{"href":"https:\/\/www.artmarketcoach.com\/de\/wp-json\/wp\/v2\/media?parent=6185"}],"curies":[{"name":"wp","href":"https:\/\/api.w.org\/{rel}","templated":true}]}}