{"id":4545,"date":"2022-09-05T04:34:50","date_gmt":"2022-09-05T02:34:50","guid":{"rendered":"https:\/\/www.artmarketcoach.com\/nft\/"},"modified":"2023-03-13T13:06:22","modified_gmt":"2023-03-13T12:06:22","slug":"nft","status":"publish","type":"page","link":"https:\/\/www.artmarketcoach.com\/de\/nft\/","title":{"rendered":"NFTs auf OpenSea: Classical_Fine_Art"},"content":{"rendered":"\n<p>Im September 2022 habe ich <a rel=\"noreferrer noopener\" href=\"https:\/\/opensea.io\/Classical_Fine_Art\" target=\"_blank\">Classical_Fine_Arts<\/a> auf der NFT-Handelsplattform OpenSea gegr\u00fcndet.<br\/>Die Idee hinter meiner neuen Aktivit\u00e4t in der digitalen Welt ist, dass ich jedem den Zugang zu herausragenden Kunstwerken aus der Kunstgeschichte erm\u00f6glichen m\u00f6chte. Aus diesem Grund habe ich meine ersten f\u00fcnf NFTs gemintet.<\/p>\n\n<div class=\"wp-block-uagb-image uagb-block-d2dfd8f2 wp-block-uagb-image--layout-default wp-block-uagb-image--effect-static wp-block-uagb-image--align-none\"><figure class=\"wp-block-uagb-image__figure\"><img decoding=\"async\" srcset=\"https:\/\/www.artmarketcoach.com\/wp-content\/uploads\/Classical_Fine_Arts_Art_Classics_Antiquity_Food_Floating_W.jpg \" src=\"https:\/\/www.artmarketcoach.com\/wp-content\/uploads\/Classical_Fine_Arts_Art_Classics_Antiquity_Food_Floating_W.jpg\" alt=\"\" class=\"uag-image-4583\" title=\"\" loading=\"lazy\"\/><\/figure><\/div>\n\n<p>Meine erste Sammlung in der digitalen Welt hei\u00dft Art Classics.<br\/>Die ersten f\u00fcnf NFTs zeigen wunderbare Werke aus der Antike. Die n\u00e4chste NFT-Serie wird sich auf mittelalterliche Werke beziehen.<\/p>\n\n<p><a href=\"https:\/\/opensea.io\/Classical_Fine_Art\" target=\"_blank\" rel=\"noreferrer noopener\">Schau Dir die Arbeiten gerne auf OpenSea an<\/a> oder <a href=\"mailto:info@artmarketcoach.com\">schreibe mir eine E-Mail<\/a>, wenn Du mehr Informationen ben\u00f6tigst.<\/p>\n","protected":false},"excerpt":{"rendered":"<p>Im September 2022 habe ich Classical_Fine_Arts auf der NFT-Handelsplattform OpenSea gegr\u00fcndet.Die Idee hinter meiner neuen Aktivit\u00e4t in der digitalen Welt ist, dass ich jedem den Zugang zu herausragenden Kunstwerken aus der Kunstgeschichte erm\u00f6glichen m\u00f6chte. Aus diesem Grund habe ich meine ersten f\u00fcnf NFTs gemintet. Meine erste Sammlung in der digitalen Welt hei\u00dft Art Classics.Die ersten [&hellip;]<\/p>\n","protected":false},"author":437,"featured_media":4584,"parent":0,"menu_order":0,"comment_status":"closed","ping_status":"closed","template":"","meta":{"inline_featured_image":false,"_uag_custom_page_level_css":"","site-sidebar-layout":"no-sidebar","site-content-layout":"narrow-container","ast-site-content-layout":"default","site-content-style":"default","site-sidebar-style":"default","ast-global-header-display":"","ast-banner-title-visibility":"","ast-main-header-display":"","ast-hfb-above-header-display":"","ast-hfb-below-header-display":"","ast-hfb-mobile-header-display":"","site-post-title":"","ast-breadcrumbs-content":"","ast-featured-img":"","footer-sml-layout":"","ast-disable-related-posts":"","theme-transparent-header-meta":"","adv-header-id-meta":"","stick-header-meta":"","header-above-stick-meta":"","header-main-stick-meta":"","header-below-stick-meta":"","astra-migrate-meta-layouts":"default","ast-page-background-enabled":"default","ast-page-background-meta":{"desktop":{"background-color":"","background-image":"","background-repeat":"repeat","background-position":"center center","background-size":"auto","background-attachment":"scroll","background-type":"","background-media":"","overlay-type":"","overlay-color":"","overlay-opacity":"","overlay-gradient":""},"tablet":{"background-color":"","background-image":"","background-repeat":"repeat","background-position":"center center","background-size":"auto","background-attachment":"scroll","background-type":"","background-media":"","overlay-type":"","overlay-color":"","overlay-opacity":"","overlay-gradient":""},"mobile":{"background-color":"","background-image":"","background-repeat":"repeat","background-position":"center center","background-size":"auto","background-attachment":"scroll","background-type":"","background-media":"","overlay-type":"","overlay-color":"","overlay-opacity":"","overlay-gradient":""}},"ast-content-background-meta":{"desktop":{"background-color":"var(--ast-global-color-5)","background-image":"","background-repeat":"repeat","background-position":"center center","background-size":"auto","background-attachment":"scroll","background-type":"","background-media":"","overlay-type":"","overlay-color":"","overlay-opacity":"","overlay-gradient":""},"tablet":{"background-color":"var(--ast-global-color-5)","background-image":"","background-repeat":"repeat","background-position":"center center","background-size":"auto","background-attachment":"scroll","background-type":"","background-media":"","overlay-type":"","overlay-color":"","overlay-opacity":"","overlay-gradient":""},"mobile":{"background-color":"var(--ast-global-color-5)","background-image":"","background-repeat":"repeat","background-position":"center center","background-size":"auto","background-attachment":"scroll","background-type":"","background-media":"","overlay-type":"","overlay-color":"","overlay-opacity":"","overlay-gradient":""}},"footnotes":""},"class_list":["post-4545","page","type-page","status-publish","has-post-thumbnail","hentry"],"uagb_featured_image_src":{"full":["https:\/\/www.artmarketcoach.com\/wp-content\/uploads\/Classical_Fine_Arts_Art_Classics_Antiquity_Food_Floating_W.jpg",1000,750,false],"thumbnail":["https:\/\/www.artmarketcoach.com\/wp-content\/uploads\/Classical_Fine_Arts_Art_Classics_Antiquity_Food_Floating_W-150x150.jpg",150,150,true],"medium":["https:\/\/www.artmarketcoach.com\/wp-content\/uploads\/Classical_Fine_Arts_Art_Classics_Antiquity_Food_Floating_W-300x225.jpg",300,225,true],"medium_large":["https:\/\/www.artmarketcoach.com\/wp-content\/uploads\/Classical_Fine_Arts_Art_Classics_Antiquity_Food_Floating_W-768x576.jpg",768,576,true],"large":["https:\/\/www.artmarketcoach.com\/wp-content\/uploads\/Classical_Fine_Arts_Art_Classics_Antiquity_Food_Floating_W.jpg",1000,750,false],"1536x1536":["https:\/\/www.artmarketcoach.com\/wp-content\/uploads\/Classical_Fine_Arts_Art_Classics_Antiquity_Food_Floating_W.jpg",1000,750,false],"2048x2048":["https:\/\/www.artmarketcoach.com\/wp-content\/uploads\/Classical_Fine_Arts_Art_Classics_Antiquity_Food_Floating_W.jpg",1000,750,false],"mailpoet_newsletter_max":["https:\/\/www.artmarketcoach.com\/wp-content\/uploads\/Classical_Fine_Arts_Art_Classics_Antiquity_Food_Floating_W.jpg",1000,750,false],"woocommerce_thumbnail":["https:\/\/www.artmarketcoach.com\/wp-content\/uploads\/Classical_Fine_Arts_Art_Classics_Antiquity_Food_Floating_W-400x300.jpg",400,300,true],"woocommerce_single":["https:\/\/www.artmarketcoach.com\/wp-content\/uploads\/Classical_Fine_Arts_Art_Classics_Antiquity_Food_Floating_W-600x450.jpg",600,450,true],"woocommerce_gallery_thumbnail":["https:\/\/www.artmarketcoach.com\/wp-content\/uploads\/Classical_Fine_Arts_Art_Classics_Antiquity_Food_Floating_W-100x100.jpg",100,100,true]},"uagb_author_info":{"display_name":"CS","author_link":"https:\/\/www.artmarketcoach.com\/de\/author\/cstrecker\/"},"uagb_comment_info":0,"uagb_excerpt":"Im September 2022 habe ich Classical_Fine_Arts auf der NFT-Handelsplattform OpenSea gegr\u00fcndet.Die Idee hinter meiner neuen Aktivit\u00e4t in der digitalen Welt ist, dass ich jedem den Zugang zu herausragenden Kunstwerken aus der Kunstgeschichte erm\u00f6glichen m\u00f6chte. Aus diesem Grund habe ich meine ersten f\u00fcnf NFTs gemintet. Meine erste Sammlung in der digitalen Welt hei\u00dft Art Classics.Die ersten&hellip;","_links":{"self":[{"href":"https:\/\/www.artmarketcoach.com\/de\/wp-json\/wp\/v2\/pages\/4545","targetHints":{"allow":["GET"]}}],"collection":[{"href":"https:\/\/www.artmarketcoach.com\/de\/wp-json\/wp\/v2\/pages"}],"about":[{"href":"https:\/\/www.artmarketcoach.com\/de\/wp-json\/wp\/v2\/types\/page"}],"author":[{"embeddable":true,"href":"https:\/\/www.artmarketcoach.com\/de\/wp-json\/wp\/v2\/users\/437"}],"replies":[{"embeddable":true,"href":"https:\/\/www.artmarketcoach.com\/de\/wp-json\/wp\/v2\/comments?post=4545"}],"version-history":[{"count":0,"href":"https:\/\/www.artmarketcoach.com\/de\/wp-json\/wp\/v2\/pages\/4545\/revisions"}],"wp:featuredmedia":[{"embeddable":true,"href":"https:\/\/www.artmarketcoach.com\/de\/wp-json\/wp\/v2\/media\/4584"}],"wp:attachment":[{"href":"https:\/\/www.artmarketcoach.com\/de\/wp-json\/wp\/v2\/media?parent=4545"}],"curies":[{"name":"wp","href":"https:\/\/api.w.org\/{rel}","templated":true}]}}