{"id":2488,"date":"2021-03-01T09:19:55","date_gmt":"2021-03-01T08:19:55","guid":{"rendered":"https:\/\/artmarketcoach.com\/coaching\/"},"modified":"2022-06-15T16:34:36","modified_gmt":"2022-06-15T14:34:36","slug":"coaching","status":"publish","type":"page","link":"https:\/\/www.artmarketcoach.com\/de\/coaching\/","title":{"rendered":"Coaching"},"content":{"rendered":"<h3>Wo befinden Sie sich auf dem Kunstmarkt?<br \/>Welche Ziele haben Sie, kurz- und langfristig?<br \/>Was m\u00f6chten Sie erreichen?<\/h3>\n<p> Finden Sie Antworten auf diese und andere Fragen in einem individuellen, pers\u00f6nlichen Coaching mit der Kunstmarktexpertin Dr. Harriet H\u00e4ussler.<\/p>\n<h3 data-elementor-setting-key=\"infobox_title\" data-elementor-inline-editing-toolbar=\"basic\" >Individuelles Coaching 1:1<\/h3>\n<p> Ein pers\u00f6nliches Coaching von 90 Minuten<br \/> kostet \u20ac 99.-<\/p>\n<p><\/p>\n<h3 data-elementor-setting-key=\"infobox_title\" data-elementor-inline-editing-toolbar=\"basic\" >Spare 10% <br \/>bei der Buchung eines 5er-Pakets<\/h3>\n<p> Buche ein Paket von f\u00fcnf 90min\u00fctigen <br \/> Sitzungen und bezahle nur \u20ac 450.- <br \/>(anstatt von \u20ac 495.-)<\/p>\n<h3 data-elementor-setting-key=\"infobox_title\" data-elementor-inline-editing-toolbar=\"basic\" >10% Erm\u00e4\u00dfigung <br \/>f\u00fcr Stamm-Kunden<\/h3>\n<p>Falls Du bereits an einem Online-Kurs teilgenommen hast, <br \/> kostet eine Einzelstunde nur \u20ac 90.- (anstatt von \u20ac 99.-)&nbsp;<\/p>\n<h3>\n\t\t\t\t\t\tVereinbaren Sie einen Termin<br \/>\n\t\t\t\t<\/h3>\n<p>Wenn Sie eine individuelle Coaching-Sitzung buchen wollen, f\u00fcllen Sie bitte dieses Formular aus. Danach erhalten Sie eine Best\u00e4tigung mit Terminvorschl\u00e4gen sowie einen Fragebogen, das Sie bitte vor der Sitzung ausgef\u00fcllt an Dr. Harriet H\u00e4ussler zur\u00fcckschicken.<\/p>\n<p role=\"status\" aria-live=\"polite\" aria-atomic=\"true\">\n<ul><\/ul>\n<form action=\"\/wp-admin\/admin-ajax.php#wpcf7-f2561-o1\" method=\"post\" novalidate=\"novalidate\" data-status=\"init\">\n<input type=\"hidden\" name=\"_wpcf7\" value=\"2561\" \/><br \/>\n<input type=\"hidden\" name=\"_wpcf7_version\" value=\"5.5.6\" \/><br \/>\n<input type=\"hidden\" name=\"_wpcf7_locale\" value=\"de_DE\" \/><br \/>\n<input type=\"hidden\" name=\"_wpcf7_unit_tag\" value=\"wpcf7-f2561-o1\" \/><br \/>\n<input type=\"hidden\" name=\"_wpcf7_container_post\" value=\"0\" \/><br \/>\n<input type=\"hidden\" name=\"_wpcf7_posted_data_hash\" value=\"\" \/><br \/>\n<input type=\"hidden\" name=\"_wpcf7_recaptcha_response\" value=\"\" \/><\/p>\n<p><label> <strong>Vorname<\/strong><br \/>\n    <input type=\"text\" name=\"your-first-name\" value=\"\" size=\"40\" aria-required=\"true\" aria-invalid=\"false\" \/> <\/label><\/p>\n<p><label> <strong>Nachname<\/strong><br \/>\n    <input type=\"text\" name=\"your-last-name\" value=\"\" size=\"40\" aria-required=\"true\" aria-invalid=\"false\" \/> <\/label><\/p>\n<p><label> <strong>Ihre E-Mail<\/strong><br \/>\n    <input type=\"email\" name=\"your-email\" value=\"\" size=\"40\" aria-required=\"true\" aria-invalid=\"false\" \/> <\/label><\/p>\n<p><label> <strong>W\u00e4hlen Sie Datum &#038; Uhrzeit (MEZ)<\/strong><br \/>\n<input type=\"text\" name=\"terminwunsch\" value=\"\" size=\"40\" aria-required=\"true\" aria-invalid=\"false\" \/>Fragen Sie einen speziellen Terminwunsch bitte im Textfeld unten an<br \/>\n  <\/label><\/p>\n<p><label> <strong>Ihre Nachricht<\/strong><br \/>\n    <textarea name=\"your-message\" cols=\"40\" rows=\"10\" aria-invalid=\"false\"><\/textarea> <\/label><br \/>\n<label><input type=\"checkbox\" name=\"acceptance-823\" value=\"1\" aria-invalid=\"false\" \/>Ich nehme die <a href=\"de\/datenschutzerklaerung\" target=\"_blank\" rel=\"noopener\">Datenschutzerkl\u00e4rung<\/a> zur Kenntniss.<\/label><\/p>\n<p><input type=\"submit\" value=\"Abschicken\" \/><\/p>\n<\/form>\n","protected":false},"excerpt":{"rendered":"<p>Wo befinden Sie sich auf dem Kunstmarkt?Welche Ziele haben Sie, kurz- und langfristig?Was m\u00f6chten Sie erreichen? Finden Sie Antworten auf diese und andere Fragen in einem individuellen, pers\u00f6nlichen Coaching mit der Kunstmarktexpertin Dr. Harriet H\u00e4ussler. Individuelles Coaching 1:1 Ein pers\u00f6nliches Coaching von 90 Minuten kostet \u20ac 99.- Spare 10% bei der Buchung eines 5er-Pakets Buche [&hellip;]<\/p>\n","protected":false},"author":437,"featured_media":0,"parent":0,"menu_order":0,"comment_status":"closed","ping_status":"closed","template":"","meta":{"inline_featured_image":false,"_uag_custom_page_level_css":"","site-sidebar-layout":"default","site-content-layout":"page-builder","ast-site-content-layout":"default","site-content-style":"default","site-sidebar-style":"default","ast-global-header-display":"","ast-banner-title-visibility":"","ast-main-header-display":"","ast-hfb-above-header-display":"","ast-hfb-below-header-display":"","ast-hfb-mobile-header-display":"","site-post-title":"disabled","ast-breadcrumbs-content":"","ast-featured-img":"disabled","footer-sml-layout":"","ast-disable-related-posts":"","theme-transparent-header-meta":"default","adv-header-id-meta":"","stick-header-meta":"default","header-above-stick-meta":"","header-main-stick-meta":"","header-below-stick-meta":"","astra-migrate-meta-layouts":"default","ast-page-background-enabled":"default","ast-page-background-meta":{"desktop":{"background-color":"","background-image":"","background-repeat":"repeat","background-position":"center center","background-size":"auto","background-attachment":"scroll","background-type":"","background-media":"","overlay-type":"","overlay-color":"","overlay-opacity":"","overlay-gradient":""},"tablet":{"background-color":"","background-image":"","background-repeat":"repeat","background-position":"center center","background-size":"auto","background-attachment":"scroll","background-type":"","background-media":"","overlay-type":"","overlay-color":"","overlay-opacity":"","overlay-gradient":""},"mobile":{"background-color":"","background-image":"","background-repeat":"repeat","background-position":"center center","background-size":"auto","background-attachment":"scroll","background-type":"","background-media":"","overlay-type":"","overlay-color":"","overlay-opacity":"","overlay-gradient":""}},"ast-content-background-meta":{"desktop":{"background-color":"var(--ast-global-color-5)","background-image":"","background-repeat":"repeat","background-position":"center center","background-size":"auto","background-attachment":"scroll","background-type":"","background-media":"","overlay-type":"","overlay-color":"","overlay-opacity":"","overlay-gradient":""},"tablet":{"background-color":"var(--ast-global-color-5)","background-image":"","background-repeat":"repeat","background-position":"center center","background-size":"auto","background-attachment":"scroll","background-type":"","background-media":"","overlay-type":"","overlay-color":"","overlay-opacity":"","overlay-gradient":""},"mobile":{"background-color":"var(--ast-global-color-5)","background-image":"","background-repeat":"repeat","background-position":"center center","background-size":"auto","background-attachment":"scroll","background-type":"","background-media":"","overlay-type":"","overlay-color":"","overlay-opacity":"","overlay-gradient":""}},"footnotes":""},"class_list":["post-2488","page","type-page","status-publish","hentry"],"uagb_featured_image_src":{"full":false,"thumbnail":false,"medium":false,"medium_large":false,"large":false,"1536x1536":false,"2048x2048":false,"mailpoet_newsletter_max":false,"woocommerce_thumbnail":false,"woocommerce_single":false,"woocommerce_gallery_thumbnail":false},"uagb_author_info":{"display_name":"CS","author_link":"https:\/\/www.artmarketcoach.com\/de\/author\/cstrecker\/"},"uagb_comment_info":0,"uagb_excerpt":"Wo befinden Sie sich auf dem Kunstmarkt?Welche Ziele haben Sie, kurz- und langfristig?Was m\u00f6chten Sie erreichen? Finden Sie Antworten auf diese und andere Fragen in einem individuellen, pers\u00f6nlichen Coaching mit der Kunstmarktexpertin Dr. Harriet H\u00e4ussler. Individuelles Coaching 1:1 Ein pers\u00f6nliches Coaching von 90 Minuten kostet \u20ac 99.- Spare 10% bei der Buchung eines 5er-Pakets Buche&hellip;","_links":{"self":[{"href":"https:\/\/www.artmarketcoach.com\/de\/wp-json\/wp\/v2\/pages\/2488","targetHints":{"allow":["GET"]}}],"collection":[{"href":"https:\/\/www.artmarketcoach.com\/de\/wp-json\/wp\/v2\/pages"}],"about":[{"href":"https:\/\/www.artmarketcoach.com\/de\/wp-json\/wp\/v2\/types\/page"}],"author":[{"embeddable":true,"href":"https:\/\/www.artmarketcoach.com\/de\/wp-json\/wp\/v2\/users\/437"}],"replies":[{"embeddable":true,"href":"https:\/\/www.artmarketcoach.com\/de\/wp-json\/wp\/v2\/comments?post=2488"}],"version-history":[{"count":0,"href":"https:\/\/www.artmarketcoach.com\/de\/wp-json\/wp\/v2\/pages\/2488\/revisions"}],"wp:attachment":[{"href":"https:\/\/www.artmarketcoach.com\/de\/wp-json\/wp\/v2\/media?parent=2488"}],"curies":[{"name":"wp","href":"https:\/\/api.w.org\/{rel}","templated":true}]}}