{"id":2470,"date":"2021-02-26T02:58:31","date_gmt":"2021-02-26T01:58:31","guid":{"rendered":"https:\/\/artmarketcoach.com\/impressum\/"},"modified":"2022-06-13T07:06:31","modified_gmt":"2022-06-13T05:06:31","slug":"impressum","status":"publish","type":"page","link":"https:\/\/www.artmarketcoach.com\/de\/impressum\/","title":{"rendered":"Impressum"},"content":{"rendered":"\n<p>Dr. Harriet H\u00e4u\u00dfler-Bastian&#13;\nMax-Eyth-Stra\u00dfe 27&#13;\n14195 Berlin&#13;\n&#13;\nPhone: +493062930280&#13;\nEmail: info@artmarketcoach.com<\/p>\n\n<p>Zur au\u00dfergerichtlichen Beilegung von verbraucherrechtlichen Streitigkeiten stellt die Europ\u00e4ische Union eine Online-Plattform (\u201cOS-Plattform\u201d) zur Verf\u00fcgung unter der Adresse <a href=\"https:\/\/ec.europa.eu\/consumers\/odr\">https:\/\/ec.europa.eu\/consumers\/odr<\/a>.<\/p>\n","protected":false},"excerpt":{"rendered":"<p>Dr. Harriet H\u00e4u\u00dfler-Bastian&#13; Max-Eyth-Stra\u00dfe 27&#13; 14195 Berlin&#13; &#13; Phone: +493062930280&#13; Email: info@artmarketcoach.com Zur au\u00dfergerichtlichen Beilegung von verbraucherrechtlichen Streitigkeiten stellt die Europ\u00e4ische Union eine Online-Plattform (\u201cOS-Plattform\u201d) zur Verf\u00fcgung unter der Adresse https:\/\/ec.europa.eu\/consumers\/odr.<\/p>\n","protected":false},"author":441,"featured_media":0,"parent":0,"menu_order":0,"comment_status":"closed","ping_status":"closed","template":"","meta":{"inline_featured_image":false,"_uag_custom_page_level_css":"","site-sidebar-layout":"default","site-content-layout":"default","ast-site-content-layout":"default","site-content-style":"default","site-sidebar-style":"default","ast-global-header-display":"","ast-banner-title-visibility":"","ast-main-header-display":"","ast-hfb-above-header-display":"","ast-hfb-below-header-display":"","ast-hfb-mobile-header-display":"","site-post-title":"","ast-breadcrumbs-content":"","ast-featured-img":"","footer-sml-layout":"","ast-disable-related-posts":"","theme-transparent-header-meta":"default","adv-header-id-meta":"","stick-header-meta":"default","header-above-stick-meta":"","header-main-stick-meta":"","header-below-stick-meta":"","astra-migrate-meta-layouts":"default","ast-page-background-enabled":"default","ast-page-background-meta":{"desktop":{"background-color":"","background-image":"","background-repeat":"repeat","background-position":"center center","background-size":"auto","background-attachment":"scroll","background-type":"","background-media":"","overlay-type":"","overlay-color":"","overlay-opacity":"","overlay-gradient":""},"tablet":{"background-color":"","background-image":"","background-repeat":"repeat","background-position":"center center","background-size":"auto","background-attachment":"scroll","background-type":"","background-media":"","overlay-type":"","overlay-color":"","overlay-opacity":"","overlay-gradient":""},"mobile":{"background-color":"","background-image":"","background-repeat":"repeat","background-position":"center center","background-size":"auto","background-attachment":"scroll","background-type":"","background-media":"","overlay-type":"","overlay-color":"","overlay-opacity":"","overlay-gradient":""}},"ast-content-background-meta":{"desktop":{"background-color":"var(--ast-global-color-5)","background-image":"","background-repeat":"repeat","background-position":"center center","background-size":"auto","background-attachment":"scroll","background-type":"","background-media":"","overlay-type":"","overlay-color":"","overlay-opacity":"","overlay-gradient":""},"tablet":{"background-color":"var(--ast-global-color-5)","background-image":"","background-repeat":"repeat","background-position":"center center","background-size":"auto","background-attachment":"scroll","background-type":"","background-media":"","overlay-type":"","overlay-color":"","overlay-opacity":"","overlay-gradient":""},"mobile":{"background-color":"var(--ast-global-color-5)","background-image":"","background-repeat":"repeat","background-position":"center center","background-size":"auto","background-attachment":"scroll","background-type":"","background-media":"","overlay-type":"","overlay-color":"","overlay-opacity":"","overlay-gradient":""}},"footnotes":""},"class_list":["post-2470","page","type-page","status-publish","hentry"],"uagb_featured_image_src":{"full":false,"thumbnail":false,"medium":false,"medium_large":false,"large":false,"1536x1536":false,"2048x2048":false,"mailpoet_newsletter_max":false,"woocommerce_thumbnail":false,"woocommerce_single":false,"woocommerce_gallery_thumbnail":false},"uagb_author_info":{"display_name":"Harriet H\u00e4u\u00dfler","author_link":"https:\/\/www.artmarketcoach.com\/de\/author\/hhaeussler\/"},"uagb_comment_info":0,"uagb_excerpt":"Dr. Harriet H\u00e4u\u00dfler-Bastian&#13; Max-Eyth-Stra\u00dfe 27&#13; 14195 Berlin&#13; &#13; Phone: +493062930280&#13; Email: info@artmarketcoach.com Zur au\u00dfergerichtlichen Beilegung von verbraucherrechtlichen Streitigkeiten stellt die Europ\u00e4ische Union eine Online-Plattform (\u201cOS-Plattform\u201d) zur Verf\u00fcgung unter der Adresse https:\/\/ec.europa.eu\/consumers\/odr.","_links":{"self":[{"href":"https:\/\/www.artmarketcoach.com\/de\/wp-json\/wp\/v2\/pages\/2470","targetHints":{"allow":["GET"]}}],"collection":[{"href":"https:\/\/www.artmarketcoach.com\/de\/wp-json\/wp\/v2\/pages"}],"about":[{"href":"https:\/\/www.artmarketcoach.com\/de\/wp-json\/wp\/v2\/types\/page"}],"author":[{"embeddable":true,"href":"https:\/\/www.artmarketcoach.com\/de\/wp-json\/wp\/v2\/users\/441"}],"replies":[{"embeddable":true,"href":"https:\/\/www.artmarketcoach.com\/de\/wp-json\/wp\/v2\/comments?post=2470"}],"version-history":[{"count":0,"href":"https:\/\/www.artmarketcoach.com\/de\/wp-json\/wp\/v2\/pages\/2470\/revisions"}],"wp:attachment":[{"href":"https:\/\/www.artmarketcoach.com\/de\/wp-json\/wp\/v2\/media?parent=2470"}],"curies":[{"name":"wp","href":"https:\/\/api.w.org\/{rel}","templated":true}]}}